{"id":61,"date":"2019-03-27T11:04:16","date_gmt":"2019-03-27T11:04:16","guid":{"rendered":"http:\/\/www.serita.fi\/?page_id=61"},"modified":"2025-12-12T16:38:15","modified_gmt":"2025-12-12T16:38:15","slug":"kirjat","status":"publish","type":"page","link":"https:\/\/www.serita.fi\/?page_id=61","title":{"rendered":"Kirjat"},"content":{"rendered":"\n<p class=\"has-large-font-size\">MICHI <\/p>\n\n\n\n<p><a href=\"https:\/\/otava.kauppakv.fi\/sivu\/finn-lectura-japani\">https:\/\/otava.kauppakv.fi\/sivu\/finn-lectura-japani<\/a><\/p>\n\n\n\n<p>Otavan julkaisema japanin kielen oppikirjasarja. <strong>Michi 1<\/strong> &#8211; <strong>tie japanin kieleen<\/strong> esittelee japanin kielen perusrakenteita. Tarinassa suomalainen nelihenkinen Salosen perhe matkustaa Tokioon ja Kyotoon tapaamaan vanhoja tuttuja ajalta, jolloin he asuivat Japanissa. Tyt\u00e4r Sanna k\u00e4y ostoksilla entisen koulukaverinsa Marikon kanssa ja Tuomas k\u00e4y rock-konsertissa. Teos on t\u00e4ysin uudistettu vuonna 2025 ja uudessa painoksessa kappaleet 1-8 on kirjoitettu latinalaisilla aakkosilla ja kappaleet 9-15 kanamerkein.<\/p>\n\n\n\n<p class=\"has-text-align-left\"><strong>Michi 2 &#8211; vuosi Japanissa<\/strong> kertoo vastaavasti Tuomaksen vaihto-oppilasvuodesta tokiolaisessa yliopistossa eri vuodenaikoina, joten lukija tutustuu tarinoiden lomassa eri vuodenaikoihin. Kirjan tarinoissa liikutaan eri kulkuv\u00e4lineill\u00e4, verrataan maidemme ilmastoja ja k\u00e4yd\u00e4\u00e4n kaupoissa. Tuomas tutustuu asuntolassa japanilaisiin opiskelijoihin sek\u00e4 Japanin kouluj\u00e4rjestelm\u00e4\u00e4n ja maantieteeseen.  Kirja on kirjoitettu japanin kirjoitusj\u00e4rjestelm\u00e4ll\u00e4, mutta kiinalaisper\u00e4isten kanji-merkkien yl\u00e4puolelle on merkitty \u00e4\u00e4nt\u00e4misohjeet kanamerkein.<\/p>\n\n\n\n<p class=\"has-large-font-size\">Konnichi wa 1<\/p>\n\n\n\n<p>T\u00e4m\u00e4n kirjan painos on loppu ja sit\u00e4 saa vain kirjastoista.<\/p>\n\n\n\n<p>Alkeiskirja aikuisopiskelijoille, jotka ovat erityisesti kiinnostuneita ty\u00f6el\u00e4m\u00e4ss\u00e4 vaadittavasta kielest\u00e4 ja tapakulttuurista. Kirjassa japanilaisryhm\u00e4 vierailee suomalaisessa yrityksess\u00e4. Lis\u00e4tietoja kirjasarjasta suoraan tekij\u00e4lt\u00e4.<\/p>\n\n\n\n<p><\/p>\n","protected":false},"excerpt":{"rendered":"MICHI https:\/\/otava.kauppakv.fi\/sivu\/finn-lectura-japani Otavan julkaisema japanin kielen oppikirjasarja. Michi 1 &#8211; tie japanin kieleen esittelee japanin kielen perusrakenteita. Tarinassa suomalainen nelihenkinen Salosen perhe matkustaa Tokioon ja Kyotoon tapaamaan vanhoja tuttuja ajalta, jolloin he asuivat Japanissa. Tyt\u00e4r Sanna k\u00e4y ostoksilla entisen koulukaverinsa Marikon kanssa ja Tuomas k\u00e4y <a href=\"https:\/\/www.serita.fi\/?page_id=61\" title=\"Kirjat\">[Read More]<\/a>\n","protected":false},"author":1,"featured_media":0,"parent":0,"menu_order":0,"comment_status":"closed","ping_status":"closed","template":"","meta":{"footnotes":""},"class_list":["post-61","page","type-page","status-publish","hentry"],"_links":{"self":[{"href":"https:\/\/www.serita.fi\/index.php?rest_route=\/wp\/v2\/pages\/61","targetHints":{"allow":["GET"]}}],"collection":[{"href":"https:\/\/www.serita.fi\/index.php?rest_route=\/wp\/v2\/pages"}],"about":[{"href":"https:\/\/www.serita.fi\/index.php?rest_route=\/wp\/v2\/types\/page"}],"author":[{"embeddable":true,"href":"https:\/\/www.serita.fi\/index.php?rest_route=\/wp\/v2\/users\/1"}],"replies":[{"embeddable":true,"href":"https:\/\/www.serita.fi\/index.php?rest_route=%2Fwp%2Fv2%2Fcomments&post=61"}],"version-history":[{"count":12,"href":"https:\/\/www.serita.fi\/index.php?rest_route=\/wp\/v2\/pages\/61\/revisions"}],"predecessor-version":[{"id":4510,"href":"https:\/\/www.serita.fi\/index.php?rest_route=\/wp\/v2\/pages\/61\/revisions\/4510"}],"wp:attachment":[{"href":"https:\/\/www.serita.fi\/index.php?rest_route=%2Fwp%2Fv2%2Fmedia&parent=61"}],"curies":[{"name":"wp","href":"https:\/\/api.w.org\/{rel}","templated":true}]}}