{"id":52,"date":"2019-03-27T10:50:07","date_gmt":"2019-03-27T10:50:07","guid":{"rendered":"http:\/\/www.serita.fi\/?page_id=52"},"modified":"2025-12-12T16:30:58","modified_gmt":"2025-12-12T16:30:58","slug":"etusivu","status":"publish","type":"page","link":"https:\/\/www.serita.fi\/","title":{"rendered":"Etusivu"},"content":{"rendered":"<section><!--- OMNIA ESPOON TY\u00d6V\u00c4ENOPISTO ALKAA--->\n<h2 style=\"text-align: center;\">Omnia Espoon ty\u00f6v\u00e4enopisto<\/h2>\n<p>\u00a0 \u00a0 \u00a0 \u00a0 \u00a0 \u00a0 \u00a0 \u00a0 \u00a0 Lis\u00e4tiedot ja ilmoittautuminen<a href=\"https:\/\/ilmonet.fi\/\"> Ilmonet<\/a>-verkkopalvelussa.\u00a0 \u00a0 \u00a0<\/p>\n<p>&nbsp;<\/p>\n<p><!--- OMNIA ESPOON TY\u00d6V\u00c4ENOPISTO ENGLANNIN KURSSIT ALKAA---><\/p>\n<p><!--- LOPPUU---><\/p>\n<p><!--- OMNIA ESPOON TY\u00d6V\u00c4ENOPISTO STOP FOR ENGLISH ALKAA---><\/p>\n<p><!--- LOPPUU---><\/p>\n<p><!--- OMNIA ESPOON TY\u00d6V\u00c4ENOPISTO JAPANIN KIELI ALKAA---><\/p>\n<\/section>\n<section>\n<h2 style=\"text-align: center;\"><span style=\"color: #008080;\">Hiidenopisto<\/span><\/h2>\n<p style=\"padding-left: 80px; text-align: left;\">Lis\u00e4tiedot ja ilmoittautuminen <a href=\"https:\/\/opistopalvelut.fi\/hiidenopisto\/search.php?l=fi&amp;search=japani\" target=\"_blank\" rel=\"noopener noreferrer\"><strong>Hiidenopiston sivuilta.<\/strong><\/a><\/p>\n<\/section>\n<p>T\u00e4m\u00e4 sivu on p\u00e4ivitetty: <span style=\"color: #008080;\">12.12. 2025<\/span><\/p>\n<section>\n<p style=\"text-align: left;\">\u00a0<\/p>\n<\/section>\n\n\n<p><\/p>\n","protected":false},"excerpt":{"rendered":"Omnia Espoon ty\u00f6v\u00e4enopisto \u00a0 \u00a0 \u00a0 \u00a0 \u00a0 \u00a0 \u00a0 \u00a0 \u00a0 Lis\u00e4tiedot ja ilmoittautuminen Ilmonet-verkkopalvelussa.\u00a0 \u00a0 \u00a0 &nbsp; Hiidenopisto Lis\u00e4tiedot ja ilmoittautuminen Hiidenopiston sivuilta. T\u00e4m\u00e4 sivu on p\u00e4ivitetty: 12.12. 2025 \u00a0 <a href=\"https:\/\/www.serita.fi\/\" title=\"Etusivu\">[Read More]<\/a>\n","protected":false},"author":1,"featured_media":0,"parent":0,"menu_order":0,"comment_status":"closed","ping_status":"closed","template":"","meta":{"footnotes":""},"class_list":["post-52","page","type-page","status-publish","hentry"],"_links":{"self":[{"href":"https:\/\/www.serita.fi\/index.php?rest_route=\/wp\/v2\/pages\/52","targetHints":{"allow":["GET"]}}],"collection":[{"href":"https:\/\/www.serita.fi\/index.php?rest_route=\/wp\/v2\/pages"}],"about":[{"href":"https:\/\/www.serita.fi\/index.php?rest_route=\/wp\/v2\/types\/page"}],"author":[{"embeddable":true,"href":"https:\/\/www.serita.fi\/index.php?rest_route=\/wp\/v2\/users\/1"}],"replies":[{"embeddable":true,"href":"https:\/\/www.serita.fi\/index.php?rest_route=%2Fwp%2Fv2%2Fcomments&post=52"}],"version-history":[{"count":277,"href":"https:\/\/www.serita.fi\/index.php?rest_route=\/wp\/v2\/pages\/52\/revisions"}],"predecessor-version":[{"id":4505,"href":"https:\/\/www.serita.fi\/index.php?rest_route=\/wp\/v2\/pages\/52\/revisions\/4505"}],"wp:attachment":[{"href":"https:\/\/www.serita.fi\/index.php?rest_route=%2Fwp%2Fv2%2Fmedia&parent=52"}],"curies":[{"name":"wp","href":"https:\/\/api.w.org\/{rel}","templated":true}]}}