{"id":27,"date":"2019-03-27T10:29:32","date_gmt":"2019-03-27T10:29:32","guid":{"rendered":"http:\/\/www.serita.fi\/?page_id=27"},"modified":"2025-12-12T16:31:54","modified_gmt":"2025-12-12T16:31:54","slug":"hiidenopisto","status":"publish","type":"page","link":"https:\/\/www.serita.fi\/?page_id=27","title":{"rendered":"Hiidenopisto"},"content":{"rendered":"<div class=\"otsikko\">\n<h2>Hiidenopisto<\/h2>\n<\/div>\n\n\n<p><strong>Kurssikohtaiset lis\u00e4tiedot ja ilmoittautuminen  <a href=\"https:\/\/opistopalvelut.fi\/hiidenopisto\/search.php?l=fi&amp;search=japani\">t\u00e4\u00e4lt\u00e4<\/a><\/strong><\/p>\n\n\n\n<p><em><mark style=\"background-color:rgba(0, 0, 0, 0)\" class=\"has-inline-color has-black-color\">Sivu p\u00e4ivitetty 12\/12\/2<\/mark><\/em>5<br><br><strong><a href=\"http:\/\/www.serita.fi\/?page_id=260\">Japanin peruskurssi<\/a><\/strong><br>Otetaan jatkoaskelia japanin kieless\u00e4 kielen eri osa-alueita vahvistaen. Kev\u00e4\u00e4ll\u00e4 2026 jatkamme opintoja teoksesta Genki 1 kpl 9 eteenp\u00e4in.<\/p>\n\n\n\n<p><\/p>\n\n\n\n<p><\/p>\n","protected":false},"excerpt":{"rendered":"Hiidenopisto Kurssikohtaiset lis\u00e4tiedot ja ilmoittautuminen t\u00e4\u00e4lt\u00e4 Sivu p\u00e4ivitetty 12\/12\/25Japanin peruskurssiOtetaan jatkoaskelia japanin kieless\u00e4 kielen eri osa-alueita vahvistaen. Kev\u00e4\u00e4ll\u00e4 2026 jatkamme opintoja teoksesta Genki 1 kpl 9 eteenp\u00e4in. <a href=\"https:\/\/www.serita.fi\/?page_id=27\" title=\"Hiidenopisto\">[Read More]<\/a>\n","protected":false},"author":1,"featured_media":574,"parent":0,"menu_order":0,"comment_status":"closed","ping_status":"closed","template":"","meta":{"footnotes":""},"class_list":["post-27","page","type-page","status-publish","has-post-thumbnail","hentry"],"_links":{"self":[{"href":"https:\/\/www.serita.fi\/index.php?rest_route=\/wp\/v2\/pages\/27","targetHints":{"allow":["GET"]}}],"collection":[{"href":"https:\/\/www.serita.fi\/index.php?rest_route=\/wp\/v2\/pages"}],"about":[{"href":"https:\/\/www.serita.fi\/index.php?rest_route=\/wp\/v2\/types\/page"}],"author":[{"embeddable":true,"href":"https:\/\/www.serita.fi\/index.php?rest_route=\/wp\/v2\/users\/1"}],"replies":[{"embeddable":true,"href":"https:\/\/www.serita.fi\/index.php?rest_route=%2Fwp%2Fv2%2Fcomments&post=27"}],"version-history":[{"count":32,"href":"https:\/\/www.serita.fi\/index.php?rest_route=\/wp\/v2\/pages\/27\/revisions"}],"predecessor-version":[{"id":4506,"href":"https:\/\/www.serita.fi\/index.php?rest_route=\/wp\/v2\/pages\/27\/revisions\/4506"}],"wp:featuredmedia":[{"embeddable":true,"href":"https:\/\/www.serita.fi\/index.php?rest_route=\/wp\/v2\/media\/574"}],"wp:attachment":[{"href":"https:\/\/www.serita.fi\/index.php?rest_route=%2Fwp%2Fv2%2Fmedia&parent=27"}],"curies":[{"name":"wp","href":"https:\/\/api.w.org\/{rel}","templated":true}]}}