{"id":25,"date":"2019-03-27T10:29:04","date_gmt":"2019-03-27T10:29:04","guid":{"rendered":"http:\/\/www.serita.fi\/?page_id=25"},"modified":"2025-12-12T16:41:15","modified_gmt":"2025-12-12T16:41:15","slug":"omnia-espoon-tyovaen-opisto","status":"publish","type":"page","link":"https:\/\/www.serita.fi\/?page_id=25","title":{"rendered":"Omnia Espoon Ty\u00f6v\u00e4en opisto"},"content":{"rendered":"<div class=\"otsikko\">\n<h2>Omnia Espoon Ty\u00f6v\u00e4enopisto<\/h2>\n<\/div>\n\n\n<p>Ohjaan Omnian Espoon ty\u00f6v\u00e4enopistossa muutamia japanin kielen kursseja.<\/p>\n\n\n\n<p>P\u00e4ivitetty 12.12.2025<\/p>\n\n\n\n<p><\/p>\n","protected":false},"excerpt":{"rendered":"Omnia Espoon Ty\u00f6v\u00e4enopisto Ohjaan Omnian Espoon ty\u00f6v\u00e4enopistossa muutamia japanin kielen kursseja. P\u00e4ivitetty 12.12.2025 <a href=\"https:\/\/www.serita.fi\/?page_id=25\" title=\"Omnia Espoon Ty\u00f6v\u00e4en opisto\">[Read More]<\/a>\n","protected":false},"author":1,"featured_media":569,"parent":0,"menu_order":0,"comment_status":"closed","ping_status":"closed","template":"","meta":{"footnotes":""},"class_list":["post-25","page","type-page","status-publish","has-post-thumbnail","hentry"],"_links":{"self":[{"href":"https:\/\/www.serita.fi\/index.php?rest_route=\/wp\/v2\/pages\/25","targetHints":{"allow":["GET"]}}],"collection":[{"href":"https:\/\/www.serita.fi\/index.php?rest_route=\/wp\/v2\/pages"}],"about":[{"href":"https:\/\/www.serita.fi\/index.php?rest_route=\/wp\/v2\/types\/page"}],"author":[{"embeddable":true,"href":"https:\/\/www.serita.fi\/index.php?rest_route=\/wp\/v2\/users\/1"}],"replies":[{"embeddable":true,"href":"https:\/\/www.serita.fi\/index.php?rest_route=%2Fwp%2Fv2%2Fcomments&post=25"}],"version-history":[{"count":12,"href":"https:\/\/www.serita.fi\/index.php?rest_route=\/wp\/v2\/pages\/25\/revisions"}],"predecessor-version":[{"id":4511,"href":"https:\/\/www.serita.fi\/index.php?rest_route=\/wp\/v2\/pages\/25\/revisions\/4511"}],"wp:featuredmedia":[{"embeddable":true,"href":"https:\/\/www.serita.fi\/index.php?rest_route=\/wp\/v2\/media\/569"}],"wp:attachment":[{"href":"https:\/\/www.serita.fi\/index.php?rest_route=%2Fwp%2Fv2%2Fmedia&parent=25"}],"curies":[{"name":"wp","href":"https:\/\/api.w.org\/{rel}","templated":true}]}}