{"id":15,"date":"2019-03-27T10:25:25","date_gmt":"2019-03-27T10:25:25","guid":{"rendered":"http:\/\/www.serita.fi\/?page_id=15"},"modified":"2025-12-12T16:56:12","modified_gmt":"2025-12-12T16:56:12","slug":"tietoa","status":"publish","type":"page","link":"https:\/\/www.serita.fi\/?page_id=15","title":{"rendered":"Tietoa"},"content":{"rendered":"<div class=\"otsikko\">\n<h2>Virpi Serita<\/h2>\n<p><em><span style=\"color: #008080;\">P\u00e4ivitetty 12\/12\/2025<\/span><\/em><\/p>\n<\/div>\n\n\n<figure class=\"wp-block-image size-full is-resized alignwide\"><img loading=\"lazy\" decoding=\"async\" width=\"351\" height=\"361\" src=\"https:\/\/www.serita.fi\/wp-content\/uploads\/2023\/12\/virpi21b.jpg\" alt=\"\" class=\"wp-image-4482\" style=\"aspect-ratio:0.9723101408909226;width:136px;height:auto\" srcset=\"https:\/\/www.serita.fi\/wp-content\/uploads\/2023\/12\/virpi21b.jpg 351w, https:\/\/www.serita.fi\/wp-content\/uploads\/2023\/12\/virpi21b-292x300.jpg 292w\" sizes=\"auto, (max-width: 351px) 100vw, 351px\" \/><\/figure>\n\n\n\n<p>Pid\u00e4n japanin kielen kursseja Omnian Espoon ty\u00f6v\u00e4enopistolla sek\u00e4 Hiidenopistolla. <br>Yhteystiedot l\u00f6ytyv\u00e4t <strong><a href=\"http:\/\/www.serita.fi\/?page_id=17\">t\u00e4\u00e4lt\u00e4.<\/a><\/strong><\/p>\n\n\n\n<p>\u6210\u4eba\u6559\u80b2\u30bb\u30f3\u30bf\u30fc\u306e\u65e5\u672c\u8a9e\u6559\u5e2b\u3092\u3057\u306a\u304c\u3089\u3001\u65e5\u672c\u8a9e\u306e\u6559\u79d1\u66f8\u4f5c\u6210\u30c1\u30fc\u30e0\u30e1\u30f3\u30d0\u30fc\u3067\u3059\u3002<br>\u9023\u7d61\u5148\u306f<a href=\"https:\/\/www.serita.fi\/?page_id=17\">\u3053\u3061\u3089<\/a>\u3067\u3059\u3002<\/p>\n\n\n\n<p><br><\/p>\n\n\n\n<p><\/p>\n","protected":false},"excerpt":{"rendered":"Virpi Serita P\u00e4ivitetty 12\/12\/2025 Pid\u00e4n japanin kielen kursseja Omnian Espoon ty\u00f6v\u00e4enopistolla sek\u00e4 Hiidenopistolla. Yhteystiedot l\u00f6ytyv\u00e4t t\u00e4\u00e4lt\u00e4. \u6210\u4eba\u6559\u80b2\u30bb\u30f3\u30bf\u30fc\u306e\u65e5\u672c\u8a9e\u6559\u5e2b\u3092\u3057\u306a\u304c\u3089\u3001\u65e5\u672c\u8a9e\u306e\u6559\u79d1\u66f8\u4f5c\u6210\u30c1\u30fc\u30e0\u30e1\u30f3\u30d0\u30fc\u3067\u3059\u3002\u9023\u7d61\u5148\u306f\u3053\u3061\u3089\u3067\u3059\u3002 <a href=\"https:\/\/www.serita.fi\/?page_id=15\" title=\"Tietoa\">[Read More]<\/a>\n","protected":false},"author":1,"featured_media":0,"parent":0,"menu_order":0,"comment_status":"closed","ping_status":"closed","template":"","meta":{"footnotes":""},"class_list":["post-15","page","type-page","status-publish","hentry"],"_links":{"self":[{"href":"https:\/\/www.serita.fi\/index.php?rest_route=\/wp\/v2\/pages\/15","targetHints":{"allow":["GET"]}}],"collection":[{"href":"https:\/\/www.serita.fi\/index.php?rest_route=\/wp\/v2\/pages"}],"about":[{"href":"https:\/\/www.serita.fi\/index.php?rest_route=\/wp\/v2\/types\/page"}],"author":[{"embeddable":true,"href":"https:\/\/www.serita.fi\/index.php?rest_route=\/wp\/v2\/users\/1"}],"replies":[{"embeddable":true,"href":"https:\/\/www.serita.fi\/index.php?rest_route=%2Fwp%2Fv2%2Fcomments&post=15"}],"version-history":[{"count":20,"href":"https:\/\/www.serita.fi\/index.php?rest_route=\/wp\/v2\/pages\/15\/revisions"}],"predecessor-version":[{"id":4515,"href":"https:\/\/www.serita.fi\/index.php?rest_route=\/wp\/v2\/pages\/15\/revisions\/4515"}],"wp:attachment":[{"href":"https:\/\/www.serita.fi\/index.php?rest_route=%2Fwp%2Fv2%2Fmedia&parent=15"}],"curies":[{"name":"wp","href":"https:\/\/api.w.org\/{rel}","templated":true}]}}